{"id":305,"date":"2021-08-13T00:21:15","date_gmt":"2021-08-13T00:21:15","guid":{"rendered":"http:\/\/brookeroadservices.com\/?page_id=305"},"modified":"2021-11-29T01:05:34","modified_gmt":"2021-11-29T01:05:34","slug":"se-habla-espanol","status":"publish","type":"page","link":"http:\/\/brookeroadservices.com\/?page_id=305","title":{"rendered":"Se habla espa\u00f1ol"},"content":{"rendered":"\t\t<div data-elementor-type=\"wp-page\" data-elementor-id=\"305\" class=\"elementor elementor-305\" data-elementor-settings=\"[]\">\n\t\t\t\t\t\t\t<div class=\"elementor-section-wrap\">\n\t\t\t\t\t\t\t<section class=\"elementor-section elementor-top-section elementor-element elementor-element-321b7200 elementor-section-boxed elementor-section-height-default elementor-section-height-default\" data-id=\"321b7200\" data-element_type=\"section\">\n\t\t\t\t\t\t<div class=\"elementor-container elementor-column-gap-default\">\n\t\t\t\t\t<div class=\"elementor-column elementor-col-100 elementor-top-column elementor-element elementor-element-531f02c2\" data-id=\"531f02c2\" data-element_type=\"column\">\n\t\t\t<div class=\"elementor-widget-wrap elementor-element-populated\">\n\t\t\t\t\t\t\t\t<div class=\"elementor-element elementor-element-6b246ff2 elementor-widget elementor-widget-text-editor\" data-id=\"6b246ff2\" data-element_type=\"widget\" data-widget_type=\"text-editor.default\">\n\t\t\t\t<div class=\"elementor-widget-container\">\n\t\t\t\t\t\t\t\t<span style=\"vertical-align: inherit;\"><span style=\"vertical-align: inherit;\"><span style=\"vertical-align: inherit;\">Somos una empresa familiar especializada en el registro de t\u00edtulos de veh\u00edculos. <\/span><span style=\"vertical-align: inherit;\">Podemos ayudarlo con cualquier problema de t\u00edtulos que pueda tener. <\/span><span style=\"vertical-align: inherit;\">Brooke Road Services ofrece una amplia gama de servicios de licencias de veh\u00edculos que incluyen:<\/span><\/span><\/span>\r\n\r\n&nbsp;\r\n\r\n<span style=\"color: #0000ff;\"><strong><span style=\"vertical-align: inherit;\"><span style=\"vertical-align: inherit;\"><span style=\"vertical-align: inherit;\">Licencia y t\u00edtulo para:<\/span><\/span><\/span><\/strong><\/span>\r\n<ul style=\"list-style-type: circle;\">\r\n \t<li><span style=\"vertical-align: inherit;\"><span style=\"vertical-align: inherit;\"><span style=\"vertical-align: inherit;\">Pasajero, cami\u00f3n B y cami\u00f3n C (Metal)<\/span><\/span>\r\n<\/span><\/li>\r\n \t<li><span style=\"vertical-align: inherit;\"><span style=\"vertical-align: inherit;\"><span style=\"vertical-align: inherit;\">Motocicletas (Metal)<\/span><\/span><\/span><\/li>\r\n \t<li><span style=\"vertical-align: inherit;\"><span style=\"vertical-align: inherit;\"><span style=\"vertical-align: inherit;\">Remolques (Placa TA Metal)<\/span><\/span>\r\n<\/span><\/li>\r\n \t<li><span style=\"vertical-align: inherit;\"><span style=\"vertical-align: inherit;\"><span style=\"vertical-align: inherit;\">Remolques recreativos<\/span><\/span><\/span><\/li>\r\n \t<li><span style=\"vertical-align: inherit;\"><span style=\"vertical-align: inherit;\"><span style=\"vertical-align: inherit;\">Placas Especiales<\/span><\/span>\r\n<\/span><\/li>\r\n<\/ul>\r\n<strong><span style=\"color: #0000ff;\"><span style=\"vertical-align: inherit;\"><span style=\"vertical-align: inherit;\"><span style=\"vertical-align: inherit;\">Servicios de titulo\u00a0<\/span><\/span><\/span><\/span><\/strong>\r\n<ul style=\"list-style-type: circle;\">\r\n \t<li><span style=\"vertical-align: inherit;\"><span style=\"vertical-align: inherit;\"><span style=\"vertical-align: inherit;\">Registro de t\u00edtulo y transferencia de t\u00edtulo<\/span><\/span><\/span><\/li>\r\n \t<li><span style=\"vertical-align: inherit;\"><span style=\"vertical-align: inherit;\"><span style=\"vertical-align: inherit;\">T\u00edtulo duplicado<\/span><\/span><\/span><\/li>\r\n \t<li><span style=\"vertical-align: inherit;\"><span style=\"vertical-align: inherit;\"><span style=\"vertical-align: inherit;\">T\u00edtulo corregido<\/span><\/span><\/span><\/li>\r\n \t<li><span style=\"vertical-align: inherit;\"><span style=\"vertical-align: inherit;\"><span style=\"vertical-align: inherit;\">Servicio de t\u00edtulo r\u00e1pido<\/span><\/span><\/span><\/li>\r\n<\/ul>\r\n<span style=\"color: #0000ff;\"><strong><span style=\"vertical-align: inherit;\"><span style=\"vertical-align: inherit;\"><span style=\"vertical-align: inherit;\">Otros servicios<\/span><\/span><\/span><\/strong><\/span>\r\n<ul style=\"list-style-type: circle;\">\r\n \t<li><span style=\"vertical-align: inherit;\"><span style=\"vertical-align: inherit;\"><span style=\"vertical-align: inherit;\">Renovaci\u00f3n de registro (Sticker)<\/span><\/span>\r\n<\/span><\/li>\r\n \t<li><span style=\"vertical-align: inherit;\"><span style=\"vertical-align: inherit;\"><span style=\"vertical-align: inherit;\">Registro de embarcaciones y renovaci\u00f3n de calcoman\u00edas<\/span><\/span><\/span><\/li>\r\n \t<li><span style=\"vertical-align: inherit;\"><span style=\"vertical-align: inherit;\"><span style=\"vertical-align: inherit;\">Licencia de pesca y caza (pr\u00f3ximamente)<\/span><\/span><\/span><\/li>\r\n \t<li><span style=\"vertical-align: inherit;\"><span style=\"vertical-align: inherit;\"><span style=\"vertical-align: inherit;\">Servicios Para Negocios de Vehiculos<\/span><\/span>\r\n<\/span><\/li>\r\n \t<li><span style=\"vertical-align: inherit;\"><span style=\"vertical-align: inherit;\"><span style=\"vertical-align: inherit;\">Servicios Notariales<\/span><\/span><\/span><\/li>\r\n \t<li><span style=\"vertical-align: inherit;\"><span style=\"vertical-align: inherit;\"><span style=\"vertical-align: inherit;\">Traducciones (espa\u00f1ol e ingl\u00e9s) y m\u00e1s &#8230;<\/span><\/span><\/span><\/li>\r\n<\/ul>\t\t\t\t\t\t<\/div>\n\t\t\t\t<\/div>\n\t\t\t\t\t<\/div>\n\t\t<\/div>\n\t\t\t\t\t\t\t<\/div>\n\t\t<\/section>\n\t\t\t\t<section class=\"elementor-section elementor-top-section elementor-element elementor-element-b341756 elementor-section-boxed elementor-section-height-default elementor-section-height-default\" data-id=\"b341756\" data-element_type=\"section\">\n\t\t\t\t\t\t<div class=\"elementor-container elementor-column-gap-default\">\n\t\t\t\t\t<div class=\"elementor-column elementor-col-100 elementor-top-column elementor-element elementor-element-814eb66\" data-id=\"814eb66\" data-element_type=\"column\">\n\t\t\t<div class=\"elementor-widget-wrap elementor-element-populated\">\n\t\t\t\t\t\t\t\t<div class=\"elementor-element elementor-element-1d93f42 elementor-button-info elementor-align-center elementor-widget elementor-widget-button\" data-id=\"1d93f42\" data-element_type=\"widget\" data-widget_type=\"button.default\">\n\t\t\t\t<div class=\"elementor-widget-container\">\n\t\t\t\t\t<div class=\"elementor-button-wrapper\">\n\t\t\t<a href=\"https:\/\/maps.apple.com\/?address=1011%20Brooke%20Rd,%20Rockford,%20IL%20%2061109,%20United%20States&#038;auid=17856730100480188364&#038;ll=42.230018,-89.080184&#038;lsp=9902&#038;q=Brooke%20Road%20Services&#038;_ext=CjMKBQgEEOIBCgQIBRADCgUIBhDfAQoECAoQAAoECFIQBAoECFUQAAoECFkQBgoFCKQBEAESJilmlT4K3hxFQDGyKYIfhUVWwDnkamRmBB5FQEFEKlBavkRWwFAD&#038;t=m\" class=\"elementor-button-link elementor-button elementor-size-lg\" role=\"button\">\n\t\t\t\t\t\t<span class=\"elementor-button-content-wrapper\">\n\t\t\t\t\t\t<span class=\"elementor-button-icon elementor-align-icon-left\">\n\t\t\t\t<i aria-hidden=\"true\" class=\"fas fa-map-marked-alt\"><\/i>\t\t\t<\/span>\n\t\t\t\t\t\t<span class=\"elementor-button-text\">Locate Us<\/span>\n\t\t<\/span>\n\t\t\t\t\t<\/a>\n\t\t<\/div>\n\t\t\t\t<\/div>\n\t\t\t\t<\/div>\n\t\t\t\t\t<\/div>\n\t\t<\/div>\n\t\t\t\t\t\t\t<\/div>\n\t\t<\/section>\n\t\t\t\t<section class=\"elementor-section elementor-top-section elementor-element elementor-element-097de15 elementor-section-boxed elementor-section-height-default elementor-section-height-default\" data-id=\"097de15\" data-element_type=\"section\">\n\t\t\t\t\t\t<div class=\"elementor-container elementor-column-gap-default\">\n\t\t\t\t\t<div class=\"elementor-column elementor-col-100 elementor-top-column elementor-element elementor-element-bc2610d\" data-id=\"bc2610d\" data-element_type=\"column\">\n\t\t\t<div class=\"elementor-widget-wrap elementor-element-populated\">\n\t\t\t\t\t\t\t\t<div class=\"elementor-element elementor-element-e042caa elementor-button-info elementor-align-center elementor-widget elementor-widget-button\" data-id=\"e042caa\" data-element_type=\"widget\" data-widget_type=\"button.default\">\n\t\t\t\t<div class=\"elementor-widget-container\">\n\t\t\t\t\t<div class=\"elementor-button-wrapper\">\n\t\t\t<a href=\"tel:+1(779)774-3636\" class=\"elementor-button-link elementor-button elementor-size-xl\" role=\"button\">\n\t\t\t\t\t\t<span class=\"elementor-button-content-wrapper\">\n\t\t\t\t\t\t<span class=\"elementor-button-icon elementor-align-icon-left\">\n\t\t\t\t<i aria-hidden=\"true\" class=\"fas fa-phone-alt\"><\/i>\t\t\t<\/span>\n\t\t\t\t\t\t<span class=\"elementor-button-text\">Call Us<\/span>\n\t\t<\/span>\n\t\t\t\t\t<\/a>\n\t\t<\/div>\n\t\t\t\t<\/div>\n\t\t\t\t<\/div>\n\t\t\t\t\t<\/div>\n\t\t<\/div>\n\t\t\t\t\t\t\t<\/div>\n\t\t<\/section>\n\t\t\t\t\t\t<\/div>\n\t\t\t\t\t<\/div>\n\t\t","protected":false},"excerpt":{"rendered":"<p>Somos una empresa familiar especializada en el registro de t\u00edtulos de veh\u00edculos. Podemos ayudarlo con cualquier problema de t\u00edtulos que pueda tener. Brooke Road Services ofrece una amplia gama de servicios de licencias de veh\u00edculos que incluyen: &nbsp; Licencia y t\u00edtulo para: Pasajero, cami\u00f3n B y cami\u00f3n C (Metal) Motocicletas (Metal) Remolques (Placa TA Metal) [&hellip;]<\/p>\n","protected":false},"author":1,"featured_media":0,"parent":0,"menu_order":0,"comment_status":"closed","ping_status":"closed","template":"","meta":[],"_links":{"self":[{"href":"http:\/\/brookeroadservices.com\/index.php?rest_route=\/wp\/v2\/pages\/305"}],"collection":[{"href":"http:\/\/brookeroadservices.com\/index.php?rest_route=\/wp\/v2\/pages"}],"about":[{"href":"http:\/\/brookeroadservices.com\/index.php?rest_route=\/wp\/v2\/types\/page"}],"author":[{"embeddable":true,"href":"http:\/\/brookeroadservices.com\/index.php?rest_route=\/wp\/v2\/users\/1"}],"replies":[{"embeddable":true,"href":"http:\/\/brookeroadservices.com\/index.php?rest_route=%2Fwp%2Fv2%2Fcomments&post=305"}],"version-history":[{"count":15,"href":"http:\/\/brookeroadservices.com\/index.php?rest_route=\/wp\/v2\/pages\/305\/revisions"}],"predecessor-version":[{"id":709,"href":"http:\/\/brookeroadservices.com\/index.php?rest_route=\/wp\/v2\/pages\/305\/revisions\/709"}],"wp:attachment":[{"href":"http:\/\/brookeroadservices.com\/index.php?rest_route=%2Fwp%2Fv2%2Fmedia&parent=305"}],"curies":[{"name":"wp","href":"https:\/\/api.w.org\/{rel}","templated":true}]}}